{"id":9778,"date":"2023-05-17T08:30:58","date_gmt":"2023-05-17T06:30:58","guid":{"rendered":"https:\/\/www.hoehn-praezision.de\/legal-notice\/"},"modified":"2025-07-18T14:15:15","modified_gmt":"2025-07-18T12:15:15","slug":"legal-notice","status":"publish","type":"page","link":"https:\/\/www.hoehn-praezision.de\/en\/legal-notice\/","title":{"rendered":"Legal notice"},"content":{"rendered":"\t\t<div data-elementor-type=\"wp-page\" data-elementor-id=\"9778\" class=\"elementor elementor-9778 elementor-8\" data-elementor-post-type=\"page\">\n\t\t\t\t\t\t<section class=\"elementor-section elementor-top-section elementor-element elementor-element-065123e elementor-section-full_width elementor-section-height-default elementor-section-height-default\" data-id=\"065123e\" data-element_type=\"section\" data-e-type=\"section\">\n\t\t\t\t\t\t<div class=\"elementor-container elementor-column-gap-no\">\n\t\t\t\t\t<div class=\"elementor-column elementor-col-100 elementor-top-column elementor-element elementor-element-96f7d68\" data-id=\"96f7d68\" data-element_type=\"column\" data-e-type=\"column\">\n\t\t\t<div class=\"elementor-widget-wrap elementor-element-populated\">\n\t\t\t\t\t\t<section class=\"elementor-section elementor-inner-section elementor-element elementor-element-d22fa08 elementor-section-height-min-height elementor-section-content-middle header-image elementor-section-boxed elementor-section-height-default\" data-id=\"d22fa08\" data-element_type=\"section\" data-e-type=\"section\" data-settings=\"{&quot;background_background&quot;:&quot;classic&quot;}\">\n\t\t\t\t\t\t\t<div class=\"elementor-background-overlay\"><\/div>\n\t\t\t\t\t\t\t<div class=\"elementor-container elementor-column-gap-no\">\n\t\t\t\t\t<div class=\"elementor-column elementor-col-100 elementor-inner-column elementor-element elementor-element-1c97e8b\" data-id=\"1c97e8b\" data-element_type=\"column\" data-e-type=\"column\">\n\t\t\t<div class=\"elementor-widget-wrap elementor-element-populated\">\n\t\t\t\t\t\t<div class=\"elementor-element elementor-element-9fa8a8a elementor-widget elementor-widget-heading\" data-id=\"9fa8a8a\" data-element_type=\"widget\" data-e-type=\"widget\" data-widget_type=\"heading.default\">\n\t\t\t\t<div class=\"elementor-widget-container\">\n\t\t\t\t\t<h1 class=\"elementor-heading-title elementor-size-default\">Legal notice<\/h1>\t\t\t\t<\/div>\n\t\t\t\t<\/div>\n\t\t\t\t\t<\/div>\n\t\t<\/div>\n\t\t\t\t\t<\/div>\n\t\t<\/section>\n\t\t\t\t<section class=\"elementor-section elementor-inner-section elementor-element elementor-element-f86f9c8 elementor-section-boxed elementor-section-height-default elementor-section-height-default\" data-id=\"f86f9c8\" data-element_type=\"section\" data-e-type=\"section\">\n\t\t\t\t\t\t<div class=\"elementor-container elementor-column-gap-default\">\n\t\t\t\t\t<div class=\"elementor-column elementor-col-100 elementor-inner-column elementor-element elementor-element-f3d7d14\" data-id=\"f3d7d14\" data-element_type=\"column\" data-e-type=\"column\">\n\t\t\t<div class=\"elementor-widget-wrap elementor-element-populated\">\n\t\t\t\t\t\t<div class=\"elementor-element elementor-element-c7479b9 elementor-widget elementor-widget-breadcrumbs\" data-id=\"c7479b9\" data-element_type=\"widget\" data-e-type=\"widget\" data-widget_type=\"breadcrumbs.default\">\n\t\t\t\t<div class=\"elementor-widget-container\">\n\t\t\t\t\t<p id=\"breadcrumbs\"><span><span><a href=\"https:\/\/www.hoehn-praezision.de\/en\/\">Home<\/a><\/span><\/span><\/p>\t\t\t\t<\/div>\n\t\t\t\t<\/div>\n\t\t\t\t\t<\/div>\n\t\t<\/div>\n\t\t\t\t\t<\/div>\n\t\t<\/section>\n\t\t\t\t\t<\/div>\n\t\t<\/div>\n\t\t\t\t\t<\/div>\n\t\t<\/section>\n\t\t\t\t<section class=\"elementor-section elementor-top-section elementor-element elementor-element-970ad0a elementor-section-boxed elementor-section-height-default elementor-section-height-default\" data-id=\"970ad0a\" data-element_type=\"section\" data-e-type=\"section\">\n\t\t\t\t\t\t<div class=\"elementor-container elementor-column-gap-default\">\n\t\t\t\t\t<div class=\"elementor-column elementor-col-100 elementor-top-column elementor-element elementor-element-d7e49a2\" data-id=\"d7e49a2\" data-element_type=\"column\" data-e-type=\"column\">\n\t\t\t<div class=\"elementor-widget-wrap elementor-element-populated\">\n\t\t\t\t\t\t<div class=\"elementor-element elementor-element-27b7a41 elementor-widget elementor-widget-text-editor\" data-id=\"27b7a41\" data-element_type=\"widget\" data-e-type=\"widget\" data-widget_type=\"text-editor.default\">\n\t\t\t\t<div class=\"elementor-widget-container\">\n\t\t\t\t\t\t\t\t\t<p><strong>Martin H\u00f6hn GmbH<\/strong><br \/>\nSiemensstra\u00dfe 13<br \/>\n72348 Rosenfeld, Germany<\/p>\n\t\t\t\t\t\t\t\t<\/div>\n\t\t\t\t<\/div>\n\t\t\t\t<div class=\"elementor-element elementor-element-494f623 icon-list-color-fix  elementor-icon-list--layout-traditional elementor-list-item-link-full_width elementor-widget elementor-widget-icon-list\" data-id=\"494f623\" data-element_type=\"widget\" data-e-type=\"widget\" data-widget_type=\"icon-list.default\">\n\t\t\t\t<div class=\"elementor-widget-container\">\n\t\t\t\t\t\t\t<ul class=\"elementor-icon-list-items\">\n\t\t\t\t\t\t\t<li class=\"elementor-icon-list-item\">\n\t\t\t\t\t\t\t\t\t\t\t<a href=\"tel:0049742893840\">\n\n\t\t\t\t\t\t\t\t\t\t\t\t<span class=\"elementor-icon-list-icon\">\n\t\t\t\t\t\t\t<svg xmlns=\"http:\/\/www.w3.org\/2000\/svg\" width=\"11.205\" height=\"15.386\" viewBox=\"0 0 11.205 15.386\"><path d=\"M11.235,12.08c-.015-.01-1.7-2.845-1.707-2.882-.349-.762-.63-1.541-.044-1.887l-2.434-4.1c-.631.472-2.415,3.03.925,8.83,3.518,6.111,6.866,5.857,7.537,5.444L13.14,13.474C12.58,13.8,12.107,13.26,11.235,12.08Zm5.9,3.845v0L15.287,12.8a.518.518,0,0,0-.709-.182l-1.135.671,2.378,4.018s1.135-.668,1.134-.67h0A.517.517,0,0,0,17.14,15.925ZM10.929,6.46v0a.515.515,0,0,0,.182-.709v0S9.208,2.533,9.206,2.532A.517.517,0,0,0,8.5,2.351l-1.135.671L9.795,7.128s1.134-.667,1.135-.668Z\" transform=\"translate(-6.008 -2.279)\" fill=\"#ed6f2d\"><\/path><\/svg>\t\t\t\t\t\t<\/span>\n\t\t\t\t\t\t\t\t\t\t<span class=\"elementor-icon-list-text\">+49 (0) 7428\/9384-0<\/span>\n\t\t\t\t\t\t\t\t\t\t\t<\/a>\n\t\t\t\t\t\t\t\t\t<\/li>\n\t\t\t\t\t\t\t\t<li class=\"elementor-icon-list-item\">\n\t\t\t\t\t\t\t\t\t\t\t<span class=\"elementor-icon-list-icon\">\n\t\t\t\t\t\t\t<i aria-hidden=\"true\" class=\"fas fa-fax\"><\/i>\t\t\t\t\t\t<\/span>\n\t\t\t\t\t\t\t\t\t\t<span class=\"elementor-icon-list-text\">+49 (0) 7428\/9384-40<\/span>\n\t\t\t\t\t\t\t\t\t<\/li>\n\t\t\t\t\t\t\t\t<li class=\"elementor-icon-list-item\">\n\t\t\t\t\t\t\t\t\t\t\t<a href=\"mailto:info@hoehn-praezision.de\">\n\n\t\t\t\t\t\t\t\t\t\t\t\t<span class=\"elementor-icon-list-icon\">\n\t\t\t\t\t\t\t<svg xmlns=\"http:\/\/www.w3.org\/2000\/svg\" width=\"18.793\" height=\"12.528\" viewBox=\"0 0 18.793 12.528\"><path d=\"M2.2,7.743l7.831,4.206a2.261,2.261,0,0,0,1.892,0l7.831-4.206c.51-.275.993-1.343.056-1.343H2.144c-.936,0-.454,1.068.055,1.343Zm17.79,2.3-8.067,4.2a1.778,1.778,0,0,1-.946.208,1.784,1.784,0,0,1-.946-.208c-.355-.185-7.448-3.9-8.027-4.206-.407-.213-.4.037-.4.228v7.615a1.271,1.271,0,0,0,1.044,1.044H19.348a1.271,1.271,0,0,0,1.044-1.044V10.271c0-.192,0-.442-.4-.228Z\" transform=\"translate(-1.599 -6.4)\" fill=\"#ed6f2d\"><\/path><\/svg>\t\t\t\t\t\t<\/span>\n\t\t\t\t\t\t\t\t\t\t<span class=\"elementor-icon-list-text\">info[at]hoehn-praezision.de<\/span>\n\t\t\t\t\t\t\t\t\t\t\t<\/a>\n\t\t\t\t\t\t\t\t\t<\/li>\n\t\t\t\t\t\t\t\t<li class=\"elementor-icon-list-item\">\n\t\t\t\t\t\t\t\t\t\t\t<a href=\"https:\/\/www.hoehn-praezision.de\/en\/\">\n\n\t\t\t\t\t\t\t\t\t\t\t\t<span class=\"elementor-icon-list-icon\">\n\t\t\t\t\t\t\t<i aria-hidden=\"true\" class=\"fas fa-globe\"><\/i>\t\t\t\t\t\t<\/span>\n\t\t\t\t\t\t\t\t\t\t<span class=\"elementor-icon-list-text\">www.hoehn-praezision.de<\/span>\n\t\t\t\t\t\t\t\t\t\t\t<\/a>\n\t\t\t\t\t\t\t\t\t<\/li>\n\t\t\t\t\t\t<\/ul>\n\t\t\t\t\t\t<\/div>\n\t\t\t\t<\/div>\n\t\t\t\t<div class=\"elementor-element elementor-element-bfd3d73 elementor-widget elementor-widget-text-editor\" data-id=\"bfd3d73\" data-element_type=\"widget\" data-e-type=\"widget\" data-widget_type=\"text-editor.default\">\n\t\t\t\t<div class=\"elementor-widget-container\">\n\t\t\t\t\t\t\t\t\t<p>Stuttgart District Court:<br \/>\nHRB 410785<\/p>\n<p>Tax Number:<br \/>\nDE144840510<\/p>\n<p>Managing Director:<br \/>\nReiner H\u00f6hn<\/p>\n<p>This Internet site is provided for general informational purposes. Liability cannot be assumed for any erroneous or incomplete information. Our conditions of sale and delivery apply for deliveries and other services to the exclusion of all others. We reserve the right to make changes, as we are continually further developing our products. Any distribution or duplication of content on this website requires the prior written consent of the persons named above.<\/p>\n\t\t\t\t\t\t\t\t<\/div>\n\t\t\t\t<\/div>\n\t\t\t\t\t<\/div>\n\t\t<\/div>\n\t\t\t\t\t<\/div>\n\t\t<\/section>\n\t\t\t\t<\/div>\n\t\t","protected":false},"excerpt":{"rendered":"<p>Legal notice Martin H\u00f6hn GmbH Siemensstra\u00dfe 13 72348 Rosenfeld, Germany +49 (0) 7428\/9384-0 +49 (0) 7428\/9384-40 info[at]hoehn-praezision.de www.hoehn-praezision.de Stuttgart District Court: HRB 410785 Tax Number: DE144840510 Managing Director: Reiner H\u00f6hn This Internet site is provided for general informational purposes. Liability cannot be assumed for any erroneous or incomplete information. Our conditions of sale and delivery [&hellip;]<\/p>\n","protected":false},"author":1,"featured_media":0,"parent":0,"menu_order":100,"comment_status":"closed","ping_status":"closed","template":"elementor_header_footer","meta":{"_acf_changed":false,"footnotes":""},"class_list":["post-9778","page","type-page","status-publish","hentry"],"acf":[],"yoast_head":"<!-- This site is optimized with the Yoast SEO plugin v27.3 - https:\/\/yoast.com\/product\/yoast-seo-wordpress\/ -->\n<title>Imprint | Martin H\u00f6hn GmbH<\/title>\n<meta name=\"description\" content=\"Martin H\u00f6hn GmbH | Siemensstra\u00dfe 13 | 72348 Rosenfeld | 07428 9384-0 | 07428 9384-40 | info[at]hoehn-praezision.de | www.hoehn-praezision.de\" \/>\n<meta name=\"robots\" content=\"index, follow, max-snippet:-1, max-image-preview:large, max-video-preview:-1\" \/>\n<link rel=\"canonical\" href=\"https:\/\/www.hoehn-praezision.de\/en\/legal-notice\/\" \/>\n<meta property=\"og:locale\" content=\"en_US\" \/>\n<meta property=\"og:type\" content=\"article\" \/>\n<meta property=\"og:title\" content=\"Imprint | Martin H\u00f6hn GmbH\" \/>\n<meta property=\"og:description\" content=\"Martin H\u00f6hn GmbH | Siemensstra\u00dfe 13 | 72348 Rosenfeld | 07428 9384-0 | 07428 9384-40 | info[at]hoehn-praezision.de | www.hoehn-praezision.de\" \/>\n<meta property=\"og:url\" content=\"https:\/\/www.hoehn-praezision.de\/en\/legal-notice\/\" \/>\n<meta property=\"og:site_name\" content=\"H\u00f6hn Pr\u00e4zisionsteile\" \/>\n<meta property=\"article:publisher\" content=\"https:\/\/www.facebook.com\/martin.hoehn.gmbh\" \/>\n<meta property=\"article:modified_time\" content=\"2025-07-18T12:15:15+00:00\" \/>\n<meta name=\"twitter:card\" content=\"summary_large_image\" \/>\n<meta name=\"twitter:label1\" content=\"Est. reading time\" \/>\n\t<meta name=\"twitter:data1\" content=\"1 minute\" \/>\n<script type=\"application\/ld+json\" class=\"yoast-schema-graph\">{\"@context\":\"https:\\\/\\\/schema.org\",\"@graph\":[{\"@type\":\"WebPage\",\"@id\":\"https:\\\/\\\/www.hoehn-praezision.de\\\/en\\\/legal-notice\\\/\",\"url\":\"https:\\\/\\\/www.hoehn-praezision.de\\\/en\\\/legal-notice\\\/\",\"name\":\"Imprint | Martin H\u00f6hn GmbH\",\"isPartOf\":{\"@id\":\"https:\\\/\\\/www.hoehn-praezision.de\\\/en\\\/#website\"},\"datePublished\":\"2023-05-17T06:30:58+00:00\",\"dateModified\":\"2025-07-18T12:15:15+00:00\",\"description\":\"Martin H\u00f6hn GmbH | Siemensstra\u00dfe 13 | 72348 Rosenfeld | 07428 9384-0 | 07428 9384-40 | info[at]hoehn-praezision.de | www.hoehn-praezision.de\",\"breadcrumb\":{\"@id\":\"https:\\\/\\\/www.hoehn-praezision.de\\\/en\\\/legal-notice\\\/#breadcrumb\"},\"inLanguage\":\"en-US\",\"potentialAction\":[{\"@type\":\"ReadAction\",\"target\":[\"https:\\\/\\\/www.hoehn-praezision.de\\\/en\\\/legal-notice\\\/\"]}]},{\"@type\":\"BreadcrumbList\",\"@id\":\"https:\\\/\\\/www.hoehn-praezision.de\\\/en\\\/legal-notice\\\/#breadcrumb\",\"itemListElement\":[{\"@type\":\"ListItem\",\"position\":1,\"name\":\"Home\",\"item\":\"https:\\\/\\\/www.hoehn-praezision.de\\\/en\\\/\"},{\"@type\":\"ListItem\",\"position\":2,\"name\":\"Legal notice\"}]},{\"@type\":\"WebSite\",\"@id\":\"https:\\\/\\\/www.hoehn-praezision.de\\\/en\\\/#website\",\"url\":\"https:\\\/\\\/www.hoehn-praezision.de\\\/en\\\/\",\"name\":\"H\u00f6hn Pr\u00e4zisionsteile\",\"description\":\"\",\"publisher\":{\"@id\":\"https:\\\/\\\/www.hoehn-praezision.de\\\/en\\\/#organization\"},\"potentialAction\":[{\"@type\":\"SearchAction\",\"target\":{\"@type\":\"EntryPoint\",\"urlTemplate\":\"https:\\\/\\\/www.hoehn-praezision.de\\\/en\\\/?s={search_term_string}\"},\"query-input\":{\"@type\":\"PropertyValueSpecification\",\"valueRequired\":true,\"valueName\":\"search_term_string\"}}],\"inLanguage\":\"en-US\"},{\"@type\":\"Organization\",\"@id\":\"https:\\\/\\\/www.hoehn-praezision.de\\\/en\\\/#organization\",\"name\":\"Martin H\u00f6hn GmbH\",\"url\":\"https:\\\/\\\/www.hoehn-praezision.de\\\/en\\\/\",\"logo\":{\"@type\":\"ImageObject\",\"inLanguage\":\"en-US\",\"@id\":\"https:\\\/\\\/www.hoehn-praezision.de\\\/en\\\/#\\\/schema\\\/logo\\\/image\\\/\",\"url\":\"https:\\\/\\\/www.hoehn-praezision.de\\\/wp-content\\\/uploads\\\/2021\\\/08\\\/Logo_Hoehn_weiss.svg\",\"contentUrl\":\"https:\\\/\\\/www.hoehn-praezision.de\\\/wp-content\\\/uploads\\\/2021\\\/08\\\/Logo_Hoehn_weiss.svg\",\"width\":665,\"height\":385,\"caption\":\"Martin H\u00f6hn GmbH\"},\"image\":{\"@id\":\"https:\\\/\\\/www.hoehn-praezision.de\\\/en\\\/#\\\/schema\\\/logo\\\/image\\\/\"},\"sameAs\":[\"https:\\\/\\\/www.facebook.com\\\/martin.hoehn.gmbh\"]}]}<\/script>\n<!-- \/ Yoast SEO plugin. -->","yoast_head_json":{"title":"Imprint | Martin H\u00f6hn GmbH","description":"Martin H\u00f6hn GmbH | Siemensstra\u00dfe 13 | 72348 Rosenfeld | 07428 9384-0 | 07428 9384-40 | info[at]hoehn-praezision.de | www.hoehn-praezision.de","robots":{"index":"index","follow":"follow","max-snippet":"max-snippet:-1","max-image-preview":"max-image-preview:large","max-video-preview":"max-video-preview:-1"},"canonical":"https:\/\/www.hoehn-praezision.de\/en\/legal-notice\/","og_locale":"en_US","og_type":"article","og_title":"Imprint | Martin H\u00f6hn GmbH","og_description":"Martin H\u00f6hn GmbH | Siemensstra\u00dfe 13 | 72348 Rosenfeld | 07428 9384-0 | 07428 9384-40 | info[at]hoehn-praezision.de | www.hoehn-praezision.de","og_url":"https:\/\/www.hoehn-praezision.de\/en\/legal-notice\/","og_site_name":"H\u00f6hn Pr\u00e4zisionsteile","article_publisher":"https:\/\/www.facebook.com\/martin.hoehn.gmbh","article_modified_time":"2025-07-18T12:15:15+00:00","twitter_card":"summary_large_image","twitter_misc":{"Est. reading time":"1 minute"},"schema":{"@context":"https:\/\/schema.org","@graph":[{"@type":"WebPage","@id":"https:\/\/www.hoehn-praezision.de\/en\/legal-notice\/","url":"https:\/\/www.hoehn-praezision.de\/en\/legal-notice\/","name":"Imprint | Martin H\u00f6hn GmbH","isPartOf":{"@id":"https:\/\/www.hoehn-praezision.de\/en\/#website"},"datePublished":"2023-05-17T06:30:58+00:00","dateModified":"2025-07-18T12:15:15+00:00","description":"Martin H\u00f6hn GmbH | Siemensstra\u00dfe 13 | 72348 Rosenfeld | 07428 9384-0 | 07428 9384-40 | info[at]hoehn-praezision.de | www.hoehn-praezision.de","breadcrumb":{"@id":"https:\/\/www.hoehn-praezision.de\/en\/legal-notice\/#breadcrumb"},"inLanguage":"en-US","potentialAction":[{"@type":"ReadAction","target":["https:\/\/www.hoehn-praezision.de\/en\/legal-notice\/"]}]},{"@type":"BreadcrumbList","@id":"https:\/\/www.hoehn-praezision.de\/en\/legal-notice\/#breadcrumb","itemListElement":[{"@type":"ListItem","position":1,"name":"Home","item":"https:\/\/www.hoehn-praezision.de\/en\/"},{"@type":"ListItem","position":2,"name":"Legal notice"}]},{"@type":"WebSite","@id":"https:\/\/www.hoehn-praezision.de\/en\/#website","url":"https:\/\/www.hoehn-praezision.de\/en\/","name":"H\u00f6hn Pr\u00e4zisionsteile","description":"","publisher":{"@id":"https:\/\/www.hoehn-praezision.de\/en\/#organization"},"potentialAction":[{"@type":"SearchAction","target":{"@type":"EntryPoint","urlTemplate":"https:\/\/www.hoehn-praezision.de\/en\/?s={search_term_string}"},"query-input":{"@type":"PropertyValueSpecification","valueRequired":true,"valueName":"search_term_string"}}],"inLanguage":"en-US"},{"@type":"Organization","@id":"https:\/\/www.hoehn-praezision.de\/en\/#organization","name":"Martin H\u00f6hn GmbH","url":"https:\/\/www.hoehn-praezision.de\/en\/","logo":{"@type":"ImageObject","inLanguage":"en-US","@id":"https:\/\/www.hoehn-praezision.de\/en\/#\/schema\/logo\/image\/","url":"https:\/\/www.hoehn-praezision.de\/wp-content\/uploads\/2021\/08\/Logo_Hoehn_weiss.svg","contentUrl":"https:\/\/www.hoehn-praezision.de\/wp-content\/uploads\/2021\/08\/Logo_Hoehn_weiss.svg","width":665,"height":385,"caption":"Martin H\u00f6hn GmbH"},"image":{"@id":"https:\/\/www.hoehn-praezision.de\/en\/#\/schema\/logo\/image\/"},"sameAs":["https:\/\/www.facebook.com\/martin.hoehn.gmbh"]}]}},"_links":{"self":[{"href":"https:\/\/www.hoehn-praezision.de\/en\/wp-json\/wp\/v2\/pages\/9778","targetHints":{"allow":["GET"]}}],"collection":[{"href":"https:\/\/www.hoehn-praezision.de\/en\/wp-json\/wp\/v2\/pages"}],"about":[{"href":"https:\/\/www.hoehn-praezision.de\/en\/wp-json\/wp\/v2\/types\/page"}],"author":[{"embeddable":true,"href":"https:\/\/www.hoehn-praezision.de\/en\/wp-json\/wp\/v2\/users\/1"}],"replies":[{"embeddable":true,"href":"https:\/\/www.hoehn-praezision.de\/en\/wp-json\/wp\/v2\/comments?post=9778"}],"version-history":[{"count":0,"href":"https:\/\/www.hoehn-praezision.de\/en\/wp-json\/wp\/v2\/pages\/9778\/revisions"}],"wp:attachment":[{"href":"https:\/\/www.hoehn-praezision.de\/en\/wp-json\/wp\/v2\/media?parent=9778"}],"curies":[{"name":"wp","href":"https:\/\/api.w.org\/{rel}","templated":true}]}}